{"id":943,"date":"2020-05-21T14:52:41","date_gmt":"2020-05-21T11:52:41","guid":{"rendered":"http:\/\/cevhervinc.com.tr\/?page_id=943"},"modified":"2020-09-14T19:06:27","modified_gmt":"2020-09-14T16:06:27","slug":"hizmetlerimiz","status":"publish","type":"page","link":"https:\/\/cevhervinc.com.tr\/?page_id=943","title":{"rendered":"Hizmetlerimiz"},"content":{"rendered":"\t\t<div data-elementor-type=\"wp-page\" data-elementor-id=\"943\" class=\"elementor elementor-943\">\n\t\t\t\t\t\t\t\t\t<section class=\"elementor-section elementor-top-section elementor-element elementor-element-faaf1fb elementor-section-boxed elementor-section-height-default elementor-section-height-default\" data-id=\"faaf1fb\" data-element_type=\"section\">\n\t\t\t\t\t\t<div class=\"elementor-container elementor-column-gap-default\">\n\t\t\t\t\t<div class=\"elementor-column elementor-col-100 elementor-top-column elementor-element elementor-element-4337511\" data-id=\"4337511\" data-element_type=\"column\">\n\t\t\t<div class=\"elementor-widget-wrap elementor-element-populated\">\n\t\t\t\t\t\t\t\t<div class=\"elementor-element elementor-element-173e33a elementor-widget elementor-widget-toggle\" data-id=\"173e33a\" data-element_type=\"widget\" data-widget_type=\"toggle.default\">\n\t\t\t\t<div class=\"elementor-widget-container\">\n\t\t\t\t\t<div class=\"elementor-toggle\">\n\t\t\t\t\t\t\t<div class=\"elementor-toggle-item\">\n\t\t\t\t\t<h2 id=\"elementor-tab-title-2431\" class=\"elementor-tab-title\" data-tab=\"1\" role=\"button\" aria-controls=\"elementor-tab-content-2431\" aria-expanded=\"false\">\n\t\t\t\t\t\t\t\t\t\t\t\t<span class=\"elementor-toggle-icon elementor-toggle-icon-left\" aria-hidden=\"true\">\n\t\t\t\t\t\t\t\t\t\t\t\t\t\t\t<span class=\"elementor-toggle-icon-closed\"><i class=\"fas fa-caret-right\"><\/i><\/span>\n\t\t\t\t\t\t\t\t<span class=\"elementor-toggle-icon-opened\"><i class=\"elementor-toggle-icon-opened fas fa-caret-up\"><\/i><\/span>\n\t\t\t\t\t\t\t\t\t\t\t\t\t<\/span>\n\t\t\t\t\t\t\t\t\t\t\t\t<a class=\"elementor-toggle-title\" tabindex=\"0\">Faliyette Bulundu\u011fumuz \u0130\u015fler<\/a>\n\t\t\t\t\t<\/h2>\n\n\t\t\t\t\t<div id=\"elementor-tab-content-2431\" class=\"elementor-tab-content elementor-clearfix\" data-tab=\"1\" role=\"region\" aria-labelledby=\"elementor-tab-title-2431\"><ul><li><span style=\"color: #000000;\">Ayl\u0131k ve G\u00fcnl\u00fck Ve Vin\u00e7 Kiralama<\/span><\/li><li><span style=\"color: #000000;\">Trafo Ta\u015f\u0131ma Ve Montaj \u0130\u015fleri<\/span><\/li><li><span style=\"color: #000000;\">Sepetli Vin\u00e7 Hizmetleri<\/span><\/li><li><span style=\"color: #000000;\">T\u00fcm A\u011f\u0131rl\u0131k Hizmetleri<\/span><\/li><li><span style=\"color: #000000;\">Ayl\u0131k ve G\u00fcnl\u00fck Ve Vin\u00e7 Kiralama<\/span><\/li><li><span style=\"color: #000000;\">Elektrik Dire\u011fi Dikim \u0130\u015fleri<\/span><\/li><li><span style=\"color: #000000;\">Trafo Ta\u015f\u0131ma Ve Montaj \u0130\u015fleri<\/span><\/li><li><span style=\"color: #000000;\">Sepetli Vin\u00e7 Hizmetleri<\/span><\/li><li><span style=\"color: #000000;\">R\u00fczg\u00e2r enerjisi r\u00fczg\u00e2r g\u00fcl\u00fc kurulumu, montaj i\u015fleri<\/span><\/li><li><span style=\"color: #000000;\">Mobil, Teleskobik vin\u00e7 kiralama,<\/span><\/li><li><span style=\"color: #000000;\">\u00c7at\u0131 cephe sistemleri aktar\u0131m\u0131,<\/span><\/li><li><span style=\"color: #000000;\">kule vin\u00e7\u00a0 montaj de montaj\u00a0 proje i\u015fleri,<\/span><\/li><li><span style=\"color: #000000;\">\u00c7elik montaj\u0131, makina ta\u015f\u0131ma, \u00e7imento makina montaj, hal\u0131 tezg\u00e2h\u0131, ta\u015f\u0131ma, y\u00fckleme<\/span><\/li><li><span style=\"color: #000000;\">Tekne indirme, Enjeksiyon makinas\u0131 indirme bindirme<\/span><\/li><li><span style=\"color: #000000;\">A\u011f\u0131r Ta\u015f\u0131ma, Enerji motoru askeri ara\u00e7, Lowbet ve treyler ile, a\u011f\u0131r nakliyatlar, enerji motoru askeri ara\u00e7, tonajl\u0131 par\u00e7alar ta\u015f\u0131ma y\u00fckleme i\u015fleri<\/span><\/li><li><span style=\"color: #000000;\">Hiap vin\u00e7lerle hal\u0131 tezg\u00e2h\u0131, cnc ta\u015f\u0131ma, \u00e7elik montaj\u0131, proje i\u015fleri, bims ytong kald\u0131rma ve ta\u015f\u0131ma hizmetleri ,<\/span><\/li><li><span style=\"color: #000000;\">Sepetli platformlar ile d\u0131\u015f cephe \u00e7al\u0131\u015fmas\u0131, boya, klima takma montaj i\u015fleri,<\/span><\/li><li><span style=\"color: #000000;\">Teleskopik vin\u00e7ler ile proje i\u015fleri, r\u00fczgar g\u00fcl\u00fc, kule vin\u00e7, \u00e7imento fabrikas\u0131 par\u00e7alar\u0131, \u00e7elik montaj\u0131, prefabrik i\u015fleri, beton kiri\u015fler ta\u015f\u0131ma y\u00fckleme indirme bindirme hizmetleri,<\/span><\/li><li><span style=\"color: #000000;\">Menlift, makasl\u0131 platformlar ile cephe \u00e7al\u0131\u015fmas\u0131, elektrik hat \u00e7ekimleri, y\u00fcksekte g\u00fcvenli \u00e7al\u0131\u015fma,<\/span><\/li><\/ul><\/div>\n\t\t\t\t<\/div>\n\t\t\t\t\t\t\t\t<\/div>\n\t\t\t\t<\/div>\n\t\t\t\t<\/div>\n\t\t\t\t\t<\/div>\n\t\t<\/div>\n\t\t\t\t\t\t\t<\/div>\n\t\t<\/section>\n\t\t\t\t<section class=\"elementor-section elementor-top-section elementor-element elementor-element-10452c3 elementor-section-boxed elementor-section-height-default elementor-section-height-default\" data-id=\"10452c3\" data-element_type=\"section\">\n\t\t\t\t\t\t<div class=\"elementor-container elementor-column-gap-default\">\n\t\t\t\t\t<div class=\"elementor-column elementor-col-100 elementor-top-column elementor-element elementor-element-09d1720\" data-id=\"09d1720\" data-element_type=\"column\">\n\t\t\t<div class=\"elementor-widget-wrap\">\n\t\t\t\t\t\t\t\t\t<\/div>\n\t\t<\/div>\n\t\t\t\t\t\t\t<\/div>\n\t\t<\/section>\n\t\t\t\t<section class=\"elementor-section elementor-top-section elementor-element elementor-element-c2cfedb elementor-section-boxed elementor-section-height-default elementor-section-height-default\" data-id=\"c2cfedb\" data-element_type=\"section\">\n\t\t\t\t\t\t<div class=\"elementor-container elementor-column-gap-default\">\n\t\t\t\t\t<div class=\"elementor-column elementor-col-100 elementor-top-column elementor-element elementor-element-bfe4345\" data-id=\"bfe4345\" data-element_type=\"column\">\n\t\t\t<div class=\"elementor-widget-wrap elementor-element-populated\">\n\t\t\t\t\t\t\t\t<div class=\"elementor-element elementor-element-9e2afbc elementor-widget elementor-widget-spacer\" data-id=\"9e2afbc\" data-element_type=\"widget\" data-widget_type=\"spacer.default\">\n\t\t\t\t<div class=\"elementor-widget-container\">\n\t\t\t\t\t<div class=\"elementor-spacer\">\n\t\t\t<div class=\"elementor-spacer-inner\"><\/div>\n\t\t<\/div>\n\t\t\t\t<\/div>\n\t\t\t\t<\/div>\n\t\t\t\t\t<\/div>\n\t\t<\/div>\n\t\t\t\t\t\t\t<\/div>\n\t\t<\/section>\n\t\t\t\t<section class=\"elementor-section elementor-top-section elementor-element elementor-element-8fdc7de elementor-section-boxed elementor-section-height-default elementor-section-height-default\" data-id=\"8fdc7de\" data-element_type=\"section\">\n\t\t\t\t\t\t<div class=\"elementor-container elementor-column-gap-default\">\n\t\t\t\t\t<div class=\"elementor-column elementor-col-33 elementor-top-column elementor-element elementor-element-fea62fc\" data-id=\"fea62fc\" data-element_type=\"column\">\n\t\t\t<div class=\"elementor-widget-wrap\">\n\t\t\t\t\t\t\t\t\t<\/div>\n\t\t<\/div>\n\t\t\t\t<div class=\"elementor-column elementor-col-33 elementor-top-column elementor-element elementor-element-2a3afeb\" data-id=\"2a3afeb\" data-element_type=\"column\">\n\t\t\t<div class=\"elementor-widget-wrap\">\n\t\t\t\t\t\t\t\t\t<\/div>\n\t\t<\/div>\n\t\t\t\t<div class=\"elementor-column elementor-col-33 elementor-top-column elementor-element elementor-element-f34e4a4\" data-id=\"f34e4a4\" data-element_type=\"column\">\n\t\t\t<div class=\"elementor-widget-wrap\">\n\t\t\t\t\t\t\t\t\t<\/div>\n\t\t<\/div>\n\t\t\t\t\t\t\t<\/div>\n\t\t<\/section>\n\t\t\t\t<section class=\"elementor-section elementor-top-section elementor-element elementor-element-83c2159 elementor-section-boxed elementor-section-height-default elementor-section-height-default\" data-id=\"83c2159\" data-element_type=\"section\">\n\t\t\t\t\t\t<div class=\"elementor-container elementor-column-gap-default\">\n\t\t\t\t\t<div class=\"elementor-column elementor-col-100 elementor-top-column elementor-element elementor-element-ab14021\" data-id=\"ab14021\" data-element_type=\"column\">\n\t\t\t<div class=\"elementor-widget-wrap elementor-element-populated\">\n\t\t\t\t\t\t\t\t<div class=\"elementor-element elementor-element-a3ca931 elementor-widget elementor-widget-spacer\" data-id=\"a3ca931\" data-element_type=\"widget\" data-widget_type=\"spacer.default\">\n\t\t\t\t<div class=\"elementor-widget-container\">\n\t\t\t\t\t<div class=\"elementor-spacer\">\n\t\t\t<div class=\"elementor-spacer-inner\"><\/div>\n\t\t<\/div>\n\t\t\t\t<\/div>\n\t\t\t\t<\/div>\n\t\t\t\t\t<\/div>\n\t\t<\/div>\n\t\t\t\t\t\t\t<\/div>\n\t\t<\/section>\n\t\t\t\t<section class=\"elementor-section elementor-top-section elementor-element elementor-element-c35dbec elementor-section-boxed elementor-section-height-default elementor-section-height-default\" data-id=\"c35dbec\" data-element_type=\"section\">\n\t\t\t\t\t\t<div class=\"elementor-container elementor-column-gap-default\">\n\t\t\t\t\t<div class=\"elementor-column elementor-col-33 elementor-top-column elementor-element elementor-element-56ede65\" data-id=\"56ede65\" data-element_type=\"column\">\n\t\t\t<div class=\"elementor-widget-wrap\">\n\t\t\t\t\t\t\t\t\t<\/div>\n\t\t<\/div>\n\t\t\t\t<div class=\"elementor-column elementor-col-33 elementor-top-column elementor-element elementor-element-1190a10\" data-id=\"1190a10\" data-element_type=\"column\">\n\t\t\t<div class=\"elementor-widget-wrap\">\n\t\t\t\t\t\t\t\t\t<\/div>\n\t\t<\/div>\n\t\t\t\t<div class=\"elementor-column elementor-col-33 elementor-top-column elementor-element elementor-element-cbaa4f1\" data-id=\"cbaa4f1\" data-element_type=\"column\">\n\t\t\t<div class=\"elementor-widget-wrap\">\n\t\t\t\t\t\t\t\t\t<\/div>\n\t\t<\/div>\n\t\t\t\t\t\t\t<\/div>\n\t\t<\/section>\n\t\t\t\t\t\t\t<\/div>\n\t\t","protected":false},"excerpt":{"rendered":"<p>Faliyette Bulundu\u011fumuz \u0130\u015fler Ayl\u0131k ve G\u00fcnl\u00fck Ve Vin\u00e7 Kiralama Trafo Ta\u015f\u0131ma Ve Montaj \u0130\u015fleri Sepetli Vin\u00e7 Hizmetleri T\u00fcm A\u011f\u0131rl\u0131k Hizmetleri Ayl\u0131k ve G\u00fcnl\u00fck Ve Vin\u00e7 Kiralama Elektrik Dire\u011fi Dikim \u0130\u015fleri Trafo Ta\u015f\u0131ma Ve Montaj \u0130\u015fleri Sepetli Vin\u00e7 Hizmetleri R\u00fczg\u00e2r enerjisi r\u00fczg\u00e2r g\u00fcl\u00fc kurulumu, montaj i\u015fleri Mobil, Teleskobik vin\u00e7 kiralama, \u00c7at\u0131 cephe sistemleri aktar\u0131m\u0131, kule vin\u00e7\u00a0&hellip; <br \/> <a class=\"read-more\" href=\"https:\/\/cevhervinc.com.tr\/?page_id=943\">Devam\u0131<\/a><\/p>\n","protected":false},"author":1,"featured_media":0,"parent":0,"menu_order":0,"comment_status":"closed","ping_status":"closed","template":"","meta":[],"_links":{"self":[{"href":"https:\/\/cevhervinc.com.tr\/index.php?rest_route=\/wp\/v2\/pages\/943"}],"collection":[{"href":"https:\/\/cevhervinc.com.tr\/index.php?rest_route=\/wp\/v2\/pages"}],"about":[{"href":"https:\/\/cevhervinc.com.tr\/index.php?rest_route=\/wp\/v2\/types\/page"}],"author":[{"embeddable":true,"href":"https:\/\/cevhervinc.com.tr\/index.php?rest_route=\/wp\/v2\/users\/1"}],"replies":[{"embeddable":true,"href":"https:\/\/cevhervinc.com.tr\/index.php?rest_route=%2Fwp%2Fv2%2Fcomments&post=943"}],"version-history":[{"count":23,"href":"https:\/\/cevhervinc.com.tr\/index.php?rest_route=\/wp\/v2\/pages\/943\/revisions"}],"predecessor-version":[{"id":1237,"href":"https:\/\/cevhervinc.com.tr\/index.php?rest_route=\/wp\/v2\/pages\/943\/revisions\/1237"}],"wp:attachment":[{"href":"https:\/\/cevhervinc.com.tr\/index.php?rest_route=%2Fwp%2Fv2%2Fmedia&parent=943"}],"curies":[{"name":"wp","href":"https:\/\/api.w.org\/{rel}","templated":true}]}}