{"id":906,"date":"2020-05-21T11:01:58","date_gmt":"2020-05-21T08:01:58","guid":{"rendered":"http:\/\/cevhervinc.com.tr\/?page_id=906"},"modified":"2020-06-07T15:35:17","modified_gmt":"2020-06-07T12:35:17","slug":"sepetli","status":"publish","type":"page","link":"https:\/\/cevhervinc.com.tr\/?page_id=906","title":{"rendered":"Sepetli Vin\u00e7"},"content":{"rendered":"\t\t<div data-elementor-type=\"wp-page\" data-elementor-id=\"906\" class=\"elementor elementor-906\">\n\t\t\t\t\t\t\t\t\t<section class=\"elementor-section elementor-top-section elementor-element elementor-element-095ca22 elementor-section-boxed elementor-section-height-default elementor-section-height-default\" data-id=\"095ca22\" data-element_type=\"section\">\n\t\t\t\t\t\t<div class=\"elementor-container elementor-column-gap-default\">\n\t\t\t\t\t<div class=\"elementor-column elementor-col-100 elementor-top-column elementor-element elementor-element-c4fd5cf\" data-id=\"c4fd5cf\" data-element_type=\"column\">\n\t\t\t<div class=\"elementor-widget-wrap elementor-element-populated\">\n\t\t\t\t\t\t\t\t<div class=\"elementor-element elementor-element-8317349 elementor-widget elementor-widget-heading\" data-id=\"8317349\" data-element_type=\"widget\" data-widget_type=\"heading.default\">\n\t\t\t\t<div class=\"elementor-widget-container\">\n\t\t\t<h2 class=\"elementor-heading-title elementor-size-default\">Cevher vin\u00e7 kiral\u0131k 27 metreden 75 metreye kadar kiral\u0131k sepetli Ara\u00e7 \u00fcst\u00fc Platformlar kiral\u0131k<\/h2>\t\t<\/div>\n\t\t\t\t<\/div>\n\t\t\t\t\t<\/div>\n\t\t<\/div>\n\t\t\t\t\t\t\t<\/div>\n\t\t<\/section>\n\t\t\t\t<section class=\"elementor-section elementor-top-section elementor-element elementor-element-548757d9 elementor-section-boxed elementor-section-height-default elementor-section-height-default\" data-id=\"548757d9\" data-element_type=\"section\">\n\t\t\t\t\t\t<div class=\"elementor-container elementor-column-gap-default\">\n\t\t\t\t\t<div class=\"elementor-column elementor-col-100 elementor-top-column elementor-element elementor-element-2c5da604\" data-id=\"2c5da604\" data-element_type=\"column\">\n\t\t\t<div class=\"elementor-widget-wrap elementor-element-populated\">\n\t\t\t\t\t\t\t\t<div class=\"elementor-element elementor-element-708e2f90 elementor-widget elementor-widget-text-editor\" data-id=\"708e2f90\" data-element_type=\"widget\" data-widget_type=\"text-editor.default\">\n\t\t\t\t<div class=\"elementor-widget-container\">\n\t\t\t\t\t\t\t<h3>\u00a0<\/h3><p><strong>Cevher vin\u00e7ten 27 metreden 75 metreye kadar, moment sistemli, i\u015f g\u00fcvenli\u011fini \u00f6ne \u00e7\u0131karan kontroll\u00fc, yeni nesil y\u00fcksekte \u00e7al\u0131\u015fmay\u0131 g\u00fcvenle sa\u011flayan kiral\u0131k sepetli platform. Makina parkurunda bulunan 27 metreden 75 metreye kadar Jumbo, moment kontroll\u00fc sepetleri kir metreye kadar mevcut. D\u0131\u015f <\/strong>cephe \u00e7al\u0131\u015fmas\u0131, elektrik hat \u00e7ekimleri<strong>,<\/strong> Fabrika kurulumu, hali fabrikalar\u0131, komple fabrika ta\u015f\u0131mas\u0131, montajlar\u0131nda y\u00fcksekte \u00e7al\u0131\u015fma i\u00e7in <strong>y\u00fcksekte \u00e7al\u0131\u015fmada g\u00fcvenli olan Cevher Vin\u00e7 deneyimli kadrosu ile Gaziantep vin\u00e7 kiralama, G\u00fcney ve Do\u011fu Anadolu kiral\u0131k sepetli vin\u00e7 hizmetleri vermektedir. <\/strong><\/p>\t\t\t\t\t\t<\/div>\n\t\t\t\t<\/div>\n\t\t\t\t\t<\/div>\n\t\t<\/div>\n\t\t\t\t\t\t\t<\/div>\n\t\t<\/section>\n\t\t\t\t<section class=\"elementor-section elementor-top-section elementor-element elementor-element-9f8eaae elementor-section-boxed elementor-section-height-default elementor-section-height-default\" data-id=\"9f8eaae\" data-element_type=\"section\">\n\t\t\t\t\t\t<div class=\"elementor-container elementor-column-gap-default\">\n\t\t\t\t\t<div class=\"elementor-column elementor-col-100 elementor-top-column elementor-element elementor-element-129a851\" data-id=\"129a851\" data-element_type=\"column\">\n\t\t\t<div class=\"elementor-widget-wrap elementor-element-populated\">\n\t\t\t\t\t\t\t\t<div class=\"elementor-element elementor-element-e2e492d elementor-widget elementor-widget-html\" data-id=\"e2e492d\" data-element_type=\"widget\" data-widget_type=\"html.default\">\n\t\t\t\t<div class=\"elementor-widget-container\">\n\t\t\t[pfhub_portfolio_portfolio id=\"12\"]\t\t<\/div>\n\t\t\t\t<\/div>\n\t\t\t\t\t<\/div>\n\t\t<\/div>\n\t\t\t\t\t\t\t<\/div>\n\t\t<\/section>\n\t\t\t\t\t\t\t<\/div>\n\t\t","protected":false},"excerpt":{"rendered":"<p>Cevher vin\u00e7 kiral\u0131k 27 metreden 75 metreye kadar kiral\u0131k sepetli Ara\u00e7 \u00fcst\u00fc Platformlar kiral\u0131k \u00a0 Cevher vin\u00e7ten 27 metreden 75 metreye kadar, moment sistemli, i\u015f g\u00fcvenli\u011fini \u00f6ne \u00e7\u0131karan kontroll\u00fc, yeni nesil y\u00fcksekte \u00e7al\u0131\u015fmay\u0131 g\u00fcvenle sa\u011flayan kiral\u0131k sepetli platform. Makina parkurunda bulunan 27 metreden 75 metreye kadar Jumbo, moment kontroll\u00fc sepetleri kir metreye kadar mevcut. D\u0131\u015f&hellip; <br \/> <a class=\"read-more\" href=\"https:\/\/cevhervinc.com.tr\/?page_id=906\">Devam\u0131<\/a><\/p>\n","protected":false},"author":1,"featured_media":0,"parent":0,"menu_order":0,"comment_status":"closed","ping_status":"closed","template":"","meta":[],"_links":{"self":[{"href":"https:\/\/cevhervinc.com.tr\/index.php?rest_route=\/wp\/v2\/pages\/906"}],"collection":[{"href":"https:\/\/cevhervinc.com.tr\/index.php?rest_route=\/wp\/v2\/pages"}],"about":[{"href":"https:\/\/cevhervinc.com.tr\/index.php?rest_route=\/wp\/v2\/types\/page"}],"author":[{"embeddable":true,"href":"https:\/\/cevhervinc.com.tr\/index.php?rest_route=\/wp\/v2\/users\/1"}],"replies":[{"embeddable":true,"href":"https:\/\/cevhervinc.com.tr\/index.php?rest_route=%2Fwp%2Fv2%2Fcomments&post=906"}],"version-history":[{"count":6,"href":"https:\/\/cevhervinc.com.tr\/index.php?rest_route=\/wp\/v2\/pages\/906\/revisions"}],"predecessor-version":[{"id":1148,"href":"https:\/\/cevhervinc.com.tr\/index.php?rest_route=\/wp\/v2\/pages\/906\/revisions\/1148"}],"wp:attachment":[{"href":"https:\/\/cevhervinc.com.tr\/index.php?rest_route=%2Fwp%2Fv2%2Fmedia&parent=906"}],"curies":[{"name":"wp","href":"https:\/\/api.w.org\/{rel}","templated":true}]}}