{"id":904,"date":"2020-05-21T10:58:58","date_gmt":"2020-05-21T07:58:58","guid":{"rendered":"http:\/\/cevhervinc.com.tr\/?page_id=904"},"modified":"2020-06-13T08:20:32","modified_gmt":"2020-06-13T05:20:32","slug":"makina-parkuru","status":"publish","type":"page","link":"https:\/\/cevhervinc.com.tr\/?page_id=904","title":{"rendered":"Makina Parkuru"},"content":{"rendered":"\t\t<div data-elementor-type=\"wp-page\" data-elementor-id=\"904\" class=\"elementor elementor-904\">\n\t\t\t\t\t\t\t\t\t<section class=\"elementor-section elementor-top-section elementor-element elementor-element-01ad457 elementor-section-boxed elementor-section-height-default elementor-section-height-default\" data-id=\"01ad457\" data-element_type=\"section\">\n\t\t\t\t\t\t<div class=\"elementor-container elementor-column-gap-default\">\n\t\t\t\t\t<div class=\"elementor-column elementor-col-100 elementor-top-column elementor-element elementor-element-102e007\" data-id=\"102e007\" data-element_type=\"column\">\n\t\t\t<div class=\"elementor-widget-wrap elementor-element-populated\">\n\t\t\t\t\t\t\t\t<div class=\"elementor-element elementor-element-bd4a015 elementor-widget elementor-widget-heading\" data-id=\"bd4a015\" data-element_type=\"widget\" data-widget_type=\"heading.default\">\n\t\t\t\t<div class=\"elementor-widget-container\">\n\t\t\t<h2 class=\"elementor-heading-title elementor-size-default\">Makina Parkurumuz ve Faaliyetlerimiz <\/h2>\t\t<\/div>\n\t\t\t\t<\/div>\n\t\t\t\t\t<\/div>\n\t\t<\/div>\n\t\t\t\t\t\t\t<\/div>\n\t\t<\/section>\n\t\t\t\t<section class=\"elementor-section elementor-top-section elementor-element elementor-element-aec8bda elementor-section-boxed elementor-section-height-default elementor-section-height-default\" data-id=\"aec8bda\" data-element_type=\"section\">\n\t\t\t\t\t\t<div class=\"elementor-container elementor-column-gap-default\">\n\t\t\t\t\t<div class=\"elementor-column elementor-col-100 elementor-top-column elementor-element elementor-element-376a369\" data-id=\"376a369\" data-element_type=\"column\">\n\t\t\t<div class=\"elementor-widget-wrap elementor-element-populated\">\n\t\t\t\t\t\t\t\t<div class=\"elementor-element elementor-element-2d9c234 elementor-widget elementor-widget-spacer\" data-id=\"2d9c234\" data-element_type=\"widget\" data-widget_type=\"spacer.default\">\n\t\t\t\t<div class=\"elementor-widget-container\">\n\t\t\t\t\t<div class=\"elementor-spacer\">\n\t\t\t<div class=\"elementor-spacer-inner\"><\/div>\n\t\t<\/div>\n\t\t\t\t<\/div>\n\t\t\t\t<\/div>\n\t\t\t\t\t<\/div>\n\t\t<\/div>\n\t\t\t\t\t\t\t<\/div>\n\t\t<\/section>\n\t\t\t\t<section class=\"elementor-section elementor-top-section elementor-element elementor-element-3469716 elementor-section-boxed elementor-section-height-default elementor-section-height-default\" data-id=\"3469716\" data-element_type=\"section\">\n\t\t\t\t\t\t<div class=\"elementor-container elementor-column-gap-default\">\n\t\t\t\t\t<div class=\"elementor-column elementor-col-33 elementor-top-column elementor-element elementor-element-95d33e8\" data-id=\"95d33e8\" data-element_type=\"column\">\n\t\t\t<div class=\"elementor-widget-wrap\">\n\t\t\t\t\t\t\t\t\t<\/div>\n\t\t<\/div>\n\t\t\t\t<div class=\"elementor-column elementor-col-33 elementor-top-column elementor-element elementor-element-6f09779\" data-id=\"6f09779\" data-element_type=\"column\">\n\t\t\t<div class=\"elementor-widget-wrap\">\n\t\t\t\t\t\t\t\t\t<\/div>\n\t\t<\/div>\n\t\t\t\t<div class=\"elementor-column elementor-col-33 elementor-top-column elementor-element elementor-element-f78ea21\" data-id=\"f78ea21\" data-element_type=\"column\">\n\t\t\t<div class=\"elementor-widget-wrap\">\n\t\t\t\t\t\t\t\t\t<\/div>\n\t\t<\/div>\n\t\t\t\t\t\t\t<\/div>\n\t\t<\/section>\n\t\t\t\t<section class=\"elementor-section elementor-top-section elementor-element elementor-element-04810d3 elementor-section-boxed elementor-section-height-default elementor-section-height-default\" data-id=\"04810d3\" data-element_type=\"section\">\n\t\t\t\t\t\t<div class=\"elementor-container elementor-column-gap-default\">\n\t\t\t\t\t<div class=\"elementor-column elementor-col-33 elementor-top-column elementor-element elementor-element-a64cdca\" data-id=\"a64cdca\" data-element_type=\"column\">\n\t\t\t<div class=\"elementor-widget-wrap\">\n\t\t\t\t\t\t\t\t\t<\/div>\n\t\t<\/div>\n\t\t\t\t<div class=\"elementor-column elementor-col-33 elementor-top-column elementor-element elementor-element-da0732f\" data-id=\"da0732f\" data-element_type=\"column\">\n\t\t\t<div class=\"elementor-widget-wrap\">\n\t\t\t\t\t\t\t\t\t<\/div>\n\t\t<\/div>\n\t\t\t\t<div class=\"elementor-column elementor-col-33 elementor-top-column elementor-element elementor-element-696edc2\" data-id=\"696edc2\" data-element_type=\"column\">\n\t\t\t<div class=\"elementor-widget-wrap\">\n\t\t\t\t\t\t\t\t\t<\/div>\n\t\t<\/div>\n\t\t\t\t\t\t\t<\/div>\n\t\t<\/section>\n\t\t\t\t<section class=\"elementor-section elementor-top-section elementor-element elementor-element-47b24fe elementor-section-boxed elementor-section-height-default elementor-section-height-default\" data-id=\"47b24fe\" data-element_type=\"section\">\n\t\t\t\t\t\t<div class=\"elementor-container elementor-column-gap-default\">\n\t\t\t\t\t<div class=\"elementor-column elementor-col-33 elementor-top-column elementor-element elementor-element-7b66d6a\" data-id=\"7b66d6a\" data-element_type=\"column\">\n\t\t\t<div class=\"elementor-widget-wrap\">\n\t\t\t\t\t\t\t\t\t<\/div>\n\t\t<\/div>\n\t\t\t\t<div class=\"elementor-column elementor-col-33 elementor-top-column elementor-element elementor-element-4387baf\" data-id=\"4387baf\" data-element_type=\"column\">\n\t\t\t<div class=\"elementor-widget-wrap\">\n\t\t\t\t\t\t\t\t\t<\/div>\n\t\t<\/div>\n\t\t\t\t<div class=\"elementor-column elementor-col-33 elementor-top-column elementor-element elementor-element-d347a5d\" data-id=\"d347a5d\" data-element_type=\"column\">\n\t\t\t<div class=\"elementor-widget-wrap\">\n\t\t\t\t\t\t\t\t\t<\/div>\n\t\t<\/div>\n\t\t\t\t\t\t\t<\/div>\n\t\t<\/section>\n\t\t\t\t\t\t\t<\/div>\n\t\t","protected":false},"excerpt":{"rendered":"<p>Makina Parkurumuz ve Faaliyetlerimiz A\u011f\u0131r Nakliye A\u011f\u0131r Nakliye Proje Ta\u015f\u0131mac\u0131l\u0131\u011f\u0131n \u2019da Tecr\u00fcbeli ve deneyimli kadrosu ile hizmetlerini kaliteli anahtar teslim projelerle yapmaktad\u0131r. Devam\u0131 Teleskopik Vin\u00e7ler Teleskopik Mobil Vin\u00e7 Hizmetinde Tecr\u00fcbeli deneyimli kadrosu ile hizmetlerini kaliteli anahtar teslim projelerle yapmaktad\u0131r. Devam\u0131 Sepetli Vin\u00e7 Sepetli Vin\u00e7 Hizmetinde Tecr\u00fcbeli deneyimli kadrosu ile hizmetlerini kaliteli anahtar teslim projelerle yapmaktad\u0131r.&hellip; <br \/> <a class=\"read-more\" href=\"https:\/\/cevhervinc.com.tr\/?page_id=904\">Devam\u0131<\/a><\/p>\n","protected":false},"author":1,"featured_media":0,"parent":0,"menu_order":0,"comment_status":"closed","ping_status":"closed","template":"","meta":[],"_links":{"self":[{"href":"https:\/\/cevhervinc.com.tr\/index.php?rest_route=\/wp\/v2\/pages\/904"}],"collection":[{"href":"https:\/\/cevhervinc.com.tr\/index.php?rest_route=\/wp\/v2\/pages"}],"about":[{"href":"https:\/\/cevhervinc.com.tr\/index.php?rest_route=\/wp\/v2\/types\/page"}],"author":[{"embeddable":true,"href":"https:\/\/cevhervinc.com.tr\/index.php?rest_route=\/wp\/v2\/users\/1"}],"replies":[{"embeddable":true,"href":"https:\/\/cevhervinc.com.tr\/index.php?rest_route=%2Fwp%2Fv2%2Fcomments&post=904"}],"version-history":[{"count":7,"href":"https:\/\/cevhervinc.com.tr\/index.php?rest_route=\/wp\/v2\/pages\/904\/revisions"}],"predecessor-version":[{"id":1222,"href":"https:\/\/cevhervinc.com.tr\/index.php?rest_route=\/wp\/v2\/pages\/904\/revisions\/1222"}],"wp:attachment":[{"href":"https:\/\/cevhervinc.com.tr\/index.php?rest_route=%2Fwp%2Fv2%2Fmedia&parent=904"}],"curies":[{"name":"wp","href":"https:\/\/api.w.org\/{rel}","templated":true}]}}