{"id":605,"date":"2020-02-20T19:51:04","date_gmt":"2020-02-20T16:51:04","guid":{"rendered":"http:\/\/cevhervinc.com.tr\/?page_id=605"},"modified":"2020-05-22T22:10:12","modified_gmt":"2020-05-22T19:10:12","slug":"forklift","status":"publish","type":"page","link":"https:\/\/cevhervinc.com.tr\/?page_id=605","title":{"rendered":"Forklift"},"content":{"rendered":"<p>&nbsp;<\/p>\n<p style=\"text-align: center;\">Cevher Vin\u00e7 ; Makine parkurunda \u00a0A\u011f\u0131r y\u00fcklerin ta\u015f\u0131nmas\u0131, sevki veya y\u00fcklenmesinde kullan\u0131lan 3 tondan -30 tona kadar dizel ,elektrikli forkliftleri kiral\u0131k olarak mevcuttur.\u00a0 i\u015f makinelerimiz ile hem i\u015finizin daha kolay yap\u0131lmas\u0131n\u0131 sa\u011flar hemde profesyonel \u015fekilde sorunlar\u0131n\u0131zdan kurtulman\u0131za olanak sa\u011flar.<\/p>\n<p>[pfhub_portfolio_portfolio id=&#8221;2&#8243;]<\/p>\n","protected":false},"excerpt":{"rendered":"<p>&nbsp; Cevher Vin\u00e7 ; Makine parkurunda \u00a0A\u011f\u0131r y\u00fcklerin ta\u015f\u0131nmas\u0131, sevki veya y\u00fcklenmesinde kullan\u0131lan 3 tondan -30 tona kadar dizel ,elektrikli forkliftleri kiral\u0131k olarak mevcuttur.\u00a0 i\u015f makinelerimiz ile hem i\u015finizin daha kolay yap\u0131lmas\u0131n\u0131 sa\u011flar hemde profesyonel \u015fekilde sorunlar\u0131n\u0131zdan kurtulman\u0131za olanak sa\u011flar. [pfhub_portfolio_portfolio id=&#8221;2&#8243;]<\/p>\n","protected":false},"author":1,"featured_media":0,"parent":904,"menu_order":0,"comment_status":"closed","ping_status":"closed","template":"","meta":[],"_links":{"self":[{"href":"https:\/\/cevhervinc.com.tr\/index.php?rest_route=\/wp\/v2\/pages\/605"}],"collection":[{"href":"https:\/\/cevhervinc.com.tr\/index.php?rest_route=\/wp\/v2\/pages"}],"about":[{"href":"https:\/\/cevhervinc.com.tr\/index.php?rest_route=\/wp\/v2\/types\/page"}],"author":[{"embeddable":true,"href":"https:\/\/cevhervinc.com.tr\/index.php?rest_route=\/wp\/v2\/users\/1"}],"replies":[{"embeddable":true,"href":"https:\/\/cevhervinc.com.tr\/index.php?rest_route=%2Fwp%2Fv2%2Fcomments&post=605"}],"version-history":[{"count":9,"href":"https:\/\/cevhervinc.com.tr\/index.php?rest_route=\/wp\/v2\/pages\/605\/revisions"}],"predecessor-version":[{"id":925,"href":"https:\/\/cevhervinc.com.tr\/index.php?rest_route=\/wp\/v2\/pages\/605\/revisions\/925"}],"up":[{"embeddable":true,"href":"https:\/\/cevhervinc.com.tr\/index.php?rest_route=\/wp\/v2\/pages\/904"}],"wp:attachment":[{"href":"https:\/\/cevhervinc.com.tr\/index.php?rest_route=%2Fwp%2Fv2%2Fmedia&parent=605"}],"curies":[{"name":"wp","href":"https:\/\/api.w.org\/{rel}","templated":true}]}}