{"id":603,"date":"2020-02-20T19:50:01","date_gmt":"2020-02-20T16:50:01","guid":{"rendered":"http:\/\/cevhervinc.com.tr\/?page_id=603"},"modified":"2020-06-07T22:54:12","modified_gmt":"2020-06-07T19:54:12","slug":"hiap-vincler","status":"publish","type":"page","link":"https:\/\/cevhervinc.com.tr\/?page_id=603","title":{"rendered":"H\u0131ap Vin\u00e7ler"},"content":{"rendered":"\t\t<div data-elementor-type=\"wp-page\" data-elementor-id=\"603\" class=\"elementor elementor-603\">\n\t\t\t\t\t\t\t\t\t<section class=\"elementor-section elementor-top-section elementor-element elementor-element-dc5a47e elementor-section-boxed elementor-section-height-default elementor-section-height-default\" data-id=\"dc5a47e\" data-element_type=\"section\">\n\t\t\t\t\t\t<div class=\"elementor-container elementor-column-gap-default\">\n\t\t\t\t\t<div class=\"elementor-column elementor-col-100 elementor-top-column elementor-element elementor-element-d058130\" data-id=\"d058130\" data-element_type=\"column\">\n\t\t\t<div class=\"elementor-widget-wrap elementor-element-populated\">\n\t\t\t\t\t\t\t\t<div class=\"elementor-element elementor-element-00d09c1 elementor-widget elementor-widget-heading\" data-id=\"00d09c1\" data-element_type=\"widget\" data-widget_type=\"heading.default\">\n\t\t\t\t<div class=\"elementor-widget-container\">\n\t\t\t<h2 class=\"elementor-heading-title elementor-size-default\">Hiap vin\u00e7lerle Ta\u015f\u0131ma -Y\u00fckleme -\u0130ndirme \u00a0kiral\u0131k vin\u00e7ler<\/h2>\t\t<\/div>\n\t\t\t\t<\/div>\n\t\t\t\t\t<\/div>\n\t\t<\/div>\n\t\t\t\t\t\t\t<\/div>\n\t\t<\/section>\n\t\t\t\t<section class=\"elementor-section elementor-top-section elementor-element elementor-element-694c8a4 elementor-section-boxed elementor-section-height-default elementor-section-height-default\" data-id=\"694c8a4\" data-element_type=\"section\">\n\t\t\t\t\t\t<div class=\"elementor-container elementor-column-gap-default\">\n\t\t\t\t\t<div class=\"elementor-column elementor-col-100 elementor-top-column elementor-element elementor-element-a62494f\" data-id=\"a62494f\" data-element_type=\"column\">\n\t\t\t<div class=\"elementor-widget-wrap elementor-element-populated\">\n\t\t\t\t\t\t\t\t<div class=\"elementor-element elementor-element-8a6c5a8 elementor-widget elementor-widget-text-editor\" data-id=\"8a6c5a8\" data-element_type=\"widget\" data-widget_type=\"text-editor.default\">\n\t\t\t\t<div class=\"elementor-widget-container\">\n\t\t\t\t\t\t\t<p><strong>10 Tondan -100 toan kadar makine parkurunda ,\u00e7ift k\u0131rma ,hiab vin\u00e7leri olan kiralamas\u0131n\u0131 yapan Cevher Vin\u00e7 ,A\u011f\u0131r sanayinin olmaza olmaz\u0131 olan ,fabrika montaj de montaj ,<\/strong> : hal\u0131 tezgah\u0131 , cnc ta\u015f\u0131ma , \u00e7elik montaj\u0131 , proje i\u015fleri , bims ytong at\u0131m\u0131,in\u015faat ,\u015fantiye ,bayrak dikme ,tabela i\u015fleri ,<strong> y\u00fckleme, ta\u015f\u0131ma nakliye i\u015flerinde Gaziantep ,G\u00fcney ve Do\u011fu Anadolu da hiab vin\u00e7 kiralama hizmetlerini \u00a0ba\u015far\u0131l\u0131 bir \u015fekilde vermeyi ama\u00e7lamaktad\u0131r. Cevher Vin\u00e7, Tecr\u00fcbeli ve deneyimli kadrosu ile\u00a0 kaliteli anahtar teslim projelerle yapmaktad\u0131r.<\/strong><\/p>\t\t\t\t\t\t<\/div>\n\t\t\t\t<\/div>\n\t\t\t\t\t<\/div>\n\t\t<\/div>\n\t\t\t\t\t\t\t<\/div>\n\t\t<\/section>\n\t\t\t\t<section class=\"elementor-section elementor-top-section elementor-element elementor-element-60ffb46 elementor-section-boxed elementor-section-height-default elementor-section-height-default\" data-id=\"60ffb46\" data-element_type=\"section\">\n\t\t\t\t\t\t<div class=\"elementor-container elementor-column-gap-default\">\n\t\t\t\t\t<div class=\"elementor-column elementor-col-100 elementor-top-column elementor-element elementor-element-d6127de\" data-id=\"d6127de\" data-element_type=\"column\">\n\t\t\t<div class=\"elementor-widget-wrap elementor-element-populated\">\n\t\t\t\t\t\t\t\t<div class=\"elementor-element elementor-element-366ecb39 elementor-widget elementor-widget-shortcode\" data-id=\"366ecb39\" data-element_type=\"widget\" data-widget_type=\"shortcode.default\">\n\t\t\t\t<div class=\"elementor-widget-container\">\n\t\t\t\t\t<div class=\"elementor-shortcode\">[pfhub_portfolio_portfolio id=\"6\"]<\/div>\n\t\t\t\t<\/div>\n\t\t\t\t<\/div>\n\t\t\t\t\t<\/div>\n\t\t<\/div>\n\t\t\t\t\t\t\t<\/div>\n\t\t<\/section>\n\t\t\t\t\t\t\t<\/div>\n\t\t","protected":false},"excerpt":{"rendered":"<p>Hiap vin\u00e7lerle Ta\u015f\u0131ma -Y\u00fckleme -\u0130ndirme \u00a0kiral\u0131k vin\u00e7ler 10 Tondan -100 toan kadar makine parkurunda ,\u00e7ift k\u0131rma ,hiab vin\u00e7leri olan kiralamas\u0131n\u0131 yapan Cevher Vin\u00e7 ,A\u011f\u0131r sanayinin olmaza olmaz\u0131 olan ,fabrika montaj de montaj , : hal\u0131 tezgah\u0131 , cnc ta\u015f\u0131ma , \u00e7elik montaj\u0131 , proje i\u015fleri , bims ytong at\u0131m\u0131,in\u015faat ,\u015fantiye ,bayrak dikme ,tabela i\u015fleri ,&hellip; <br \/> <a class=\"read-more\" href=\"https:\/\/cevhervinc.com.tr\/?page_id=603\">Devam\u0131<\/a><\/p>\n","protected":false},"author":1,"featured_media":0,"parent":904,"menu_order":0,"comment_status":"closed","ping_status":"closed","template":"","meta":[],"_links":{"self":[{"href":"https:\/\/cevhervinc.com.tr\/index.php?rest_route=\/wp\/v2\/pages\/603"}],"collection":[{"href":"https:\/\/cevhervinc.com.tr\/index.php?rest_route=\/wp\/v2\/pages"}],"about":[{"href":"https:\/\/cevhervinc.com.tr\/index.php?rest_route=\/wp\/v2\/types\/page"}],"author":[{"embeddable":true,"href":"https:\/\/cevhervinc.com.tr\/index.php?rest_route=\/wp\/v2\/users\/1"}],"replies":[{"embeddable":true,"href":"https:\/\/cevhervinc.com.tr\/index.php?rest_route=%2Fwp%2Fv2%2Fcomments&post=603"}],"version-history":[{"count":4,"href":"https:\/\/cevhervinc.com.tr\/index.php?rest_route=\/wp\/v2\/pages\/603\/revisions"}],"predecessor-version":[{"id":1156,"href":"https:\/\/cevhervinc.com.tr\/index.php?rest_route=\/wp\/v2\/pages\/603\/revisions\/1156"}],"up":[{"embeddable":true,"href":"https:\/\/cevhervinc.com.tr\/index.php?rest_route=\/wp\/v2\/pages\/904"}],"wp:attachment":[{"href":"https:\/\/cevhervinc.com.tr\/index.php?rest_route=%2Fwp%2Fv2%2Fmedia&parent=603"}],"curies":[{"name":"wp","href":"https:\/\/api.w.org\/{rel}","templated":true}]}}