{"id":601,"date":"2020-02-20T19:49:35","date_gmt":"2020-02-20T16:49:35","guid":{"rendered":"http:\/\/cevhervinc.com.tr\/?page_id=601"},"modified":"2020-05-22T22:10:36","modified_gmt":"2020-05-22T19:10:36","slug":"teleskopik-mobil-vincler","status":"publish","type":"page","link":"https:\/\/cevhervinc.com.tr\/?page_id=601","title":{"rendered":"Teleskopik Mobil  Vin\u00e7ler"},"content":{"rendered":"<p>Mobil vin\u00e7ler a\u015fama a\u015famad\u0131r. Bunlar; 65 tonluk, 115 tonluk, 120 tonluk, 160 tonluk, 180 tonluk, 220 tonluk, 225 tonluk ve 300 tonluktur. \u00a0Bizlerde sahip oldu\u011fumuz 220 tonluk 96 m farkl\u0131 model ve tiplerdeki mobil vin\u00e7ler ile siz de\u011ferli m\u00fc\u015fterilerimize her zaman garantili ve kaliteli bir hizmet vermekteyiz. \u00d6zellikle de a\u011f\u0131r makine ve te\u00e7hizat ta\u015f\u0131ma i\u015flerinize y\u00f6nelik olarak en uygun fiyat aral\u0131klar\u0131ndan ve profesyonel hizmetler i\u00e7in ilk olarak bizlere ula\u015fman\u0131z\u0131 \u00f6neririz. \u00c7ok fazla teknolojik alet olmayan yaln\u0131z in\u015faat sekt\u00f6r\u00fcn\u00fcn vazge\u00e7ilmez bir par\u00e7as\u0131d\u0131r. Bu vin\u00e7ler sayesinde zorlama yap\u0131lmadan herhangi bir nesne yatay ve dikey olarak bir konumdan di\u011fer bir konuma hareket ettirebilmektedir\u2026<\/p>\n<p>&nbsp;<\/p>\n<p style=\"text-align: left;\">\u00a0<!--more--><\/p>\n<p><span style=\"background-color: transparent;\">[pfhub_portfolio_portfolio id=&#8221;5&#8243;]<\/span><\/p>\n","protected":false},"excerpt":{"rendered":"<p>Mobil vin\u00e7ler a\u015fama a\u015famad\u0131r. Bunlar; 65 tonluk, 115 tonluk, 120 tonluk, 160 tonluk, 180 tonluk, 220 tonluk, 225 tonluk ve 300 tonluktur. \u00a0Bizlerde sahip oldu\u011fumuz 220 tonluk 96 m farkl\u0131 model ve tiplerdeki mobil vin\u00e7ler ile siz de\u011ferli m\u00fc\u015fterilerimize her zaman garantili ve kaliteli bir hizmet vermekteyiz. \u00d6zellikle de a\u011f\u0131r makine ve te\u00e7hizat ta\u015f\u0131ma i\u015flerinize&hellip; <br \/> <a class=\"read-more\" href=\"https:\/\/cevhervinc.com.tr\/?page_id=601\">Devam\u0131<\/a><\/p>\n","protected":false},"author":1,"featured_media":0,"parent":904,"menu_order":0,"comment_status":"closed","ping_status":"closed","template":"","meta":[],"_links":{"self":[{"href":"https:\/\/cevhervinc.com.tr\/index.php?rest_route=\/wp\/v2\/pages\/601"}],"collection":[{"href":"https:\/\/cevhervinc.com.tr\/index.php?rest_route=\/wp\/v2\/pages"}],"about":[{"href":"https:\/\/cevhervinc.com.tr\/index.php?rest_route=\/wp\/v2\/types\/page"}],"author":[{"embeddable":true,"href":"https:\/\/cevhervinc.com.tr\/index.php?rest_route=\/wp\/v2\/users\/1"}],"replies":[{"embeddable":true,"href":"https:\/\/cevhervinc.com.tr\/index.php?rest_route=%2Fwp%2Fv2%2Fcomments&post=601"}],"version-history":[{"count":5,"href":"https:\/\/cevhervinc.com.tr\/index.php?rest_route=\/wp\/v2\/pages\/601\/revisions"}],"predecessor-version":[{"id":790,"href":"https:\/\/cevhervinc.com.tr\/index.php?rest_route=\/wp\/v2\/pages\/601\/revisions\/790"}],"up":[{"embeddable":true,"href":"https:\/\/cevhervinc.com.tr\/index.php?rest_route=\/wp\/v2\/pages\/904"}],"wp:attachment":[{"href":"https:\/\/cevhervinc.com.tr\/index.php?rest_route=%2Fwp%2Fv2%2Fmedia&parent=601"}],"curies":[{"name":"wp","href":"https:\/\/api.w.org\/{rel}","templated":true}]}}