{"id":569,"date":"2020-02-20T17:21:19","date_gmt":"2020-02-20T14:21:19","guid":{"rendered":"http:\/\/cevhervinc.com.tr\/?page_id=569"},"modified":"2020-09-14T21:14:28","modified_gmt":"2020-09-14T18:14:28","slug":"iletisim","status":"publish","type":"page","link":"https:\/\/cevhervinc.com.tr\/?page_id=569","title":{"rendered":"ileti\u015fim"},"content":{"rendered":"\t\t<div data-elementor-type=\"wp-page\" data-elementor-id=\"569\" class=\"elementor elementor-569\">\n\t\t\t\t\t\t\t\t\t<section class=\"elementor-section elementor-top-section elementor-element elementor-element-5a9a4cdd elementor-section-boxed elementor-section-height-default elementor-section-height-default\" data-id=\"5a9a4cdd\" data-element_type=\"section\">\n\t\t\t\t\t\t<div class=\"elementor-container elementor-column-gap-default\">\n\t\t\t\t\t<div class=\"elementor-column elementor-col-100 elementor-top-column elementor-element elementor-element-1effe55b\" data-id=\"1effe55b\" data-element_type=\"column\">\n\t\t\t<div class=\"elementor-widget-wrap elementor-element-populated\">\n\t\t\t\t\t\t\t\t<div class=\"elementor-element elementor-element-44212aad elementor-widget elementor-widget-text-editor\" data-id=\"44212aad\" data-element_type=\"widget\" data-widget_type=\"text-editor.default\">\n\t\t\t\t<div class=\"elementor-widget-container\">\n\t\t\t\t\t\t\t<div class=\"jumbotron text-center\"><h1>\u00a0<\/h1><\/div><div class=\"container\"><div class=\"row\"><div class=\"col-sm-4\"><h3>Telefon:<\/h3><p><strong>Sabit<\/strong><br \/>Tel: 0342328 94 90<br \/>Faks: 0342328 94 93<\/p><p><strong>\u0130leti\u015fim<\/strong><br \/>Gsm: 05327697167<br \/>Gsm: 05322461177<br \/>Gsm: 05324267921<\/p><\/div><div class=\"col-sm-4\"><h3>E-Posat:<\/h3><p><strong>info@cevhervinc.com.tr<\/strong><br \/>Bilgi almak icin<br \/><a href=\"mailto:info@cevhervinc.com.tr?Subject=Musteri-iletsim%20again\" target=\"_top\" rel=\"noopener noreferrer\">Mail G\u00f6nder<\/a><\/p><p><strong>muhasebe@cevhervinc.com.tr<\/strong><br \/>iletisime gecmek icin:<br \/><a href=\"mailto:muhasebe@cevhervinc.com.tr?Subject=Musteri-iletsim%20again\" target=\"_top\" rel=\"noopener noreferrer\">Mail G\u00f6nder<\/a><\/p><\/div><div class=\"col-sm-4\"><h3>\u00c7al\u0131\u015fma saatleri:<\/h3><p><strong>Pazartesi:<\/strong>\u00a0 \u00a0 07:00\u201319:00<br \/><strong>Sal\u0131:<\/strong>\u00a0 \u00a0 \u00a0 \u00a0 \u00a0 \u00a0 \u00a007:00\u201319:00<br \/><strong>\u00c7ar\u015famba:<\/strong>\u00a0 07:00\u201319:00<br \/><strong>Per\u015fembe:<\/strong>\u00a0 \u00a007:00\u201319:00<br \/><strong>Cuma:\u00a0<\/strong> \u00a0 \u00a0 \u00a0 \u00a007:00\u201319:00<br \/><strong>Cumartesi:\u00a0<\/strong> \u00a007:00\u201317:00<br \/><strong>P<span style=\"background-color: transparent;\">azar<\/span><\/strong><span style=\"background-color: transparent;\"><strong>:<\/strong>\u00a0 \u00a0 \u00a0 \u00a0 \u00a0 Kapal\u0131<\/span><\/p><\/div><\/div><\/div><p><\/p><\/div><\/div><\/div><\/div><\/div><\/section><\/div> <a href=\"https:\/\/cevhervinc.com.tr\/?page_id=569#more-569\" class=\"more-link elementor-more-link\"><span aria-label=\"Okumaya devam et ileti\u015fim\">(daha&amp;helliip;)<\/span><\/a>","protected":false},"excerpt":{"rendered":"<p>\u00a0 Telefon: SabitTel: 0342328 94 90Faks: 0342328 94 93 \u0130leti\u015fimGsm: 05327697167Gsm: 05322461177Gsm: 05324267921 E-Posat: info@cevhervinc.com.trBilgi almak icinMail G\u00f6nder muhasebe@cevhervinc.com.triletisime gecmek icin:Mail G\u00f6nder \u00c7al\u0131\u015fma saatleri: Pazartesi:\u00a0 \u00a0 07:00\u201319:00Sal\u0131:\u00a0 \u00a0 \u00a0 \u00a0 \u00a0 \u00a0 \u00a007:00\u201319:00\u00c7ar\u015famba:\u00a0 07:00\u201319:00Per\u015fembe:\u00a0 \u00a007:00\u201319:00Cuma:\u00a0 \u00a0 \u00a0 \u00a0 \u00a007:00\u201319:00Cumartesi:\u00a0 \u00a007:00\u201317:00Pazar:\u00a0 \u00a0 \u00a0 \u00a0 \u00a0 Kapal\u0131<\/p>\n","protected":false},"author":1,"featured_media":0,"parent":0,"menu_order":0,"comment_status":"closed","ping_status":"closed","template":"","meta":[],"_links":{"self":[{"href":"https:\/\/cevhervinc.com.tr\/index.php?rest_route=\/wp\/v2\/pages\/569"}],"collection":[{"href":"https:\/\/cevhervinc.com.tr\/index.php?rest_route=\/wp\/v2\/pages"}],"about":[{"href":"https:\/\/cevhervinc.com.tr\/index.php?rest_route=\/wp\/v2\/types\/page"}],"author":[{"embeddable":true,"href":"https:\/\/cevhervinc.com.tr\/index.php?rest_route=\/wp\/v2\/users\/1"}],"replies":[{"embeddable":true,"href":"https:\/\/cevhervinc.com.tr\/index.php?rest_route=%2Fwp%2Fv2%2Fcomments&post=569"}],"version-history":[{"count":26,"href":"https:\/\/cevhervinc.com.tr\/index.php?rest_route=\/wp\/v2\/pages\/569\/revisions"}],"predecessor-version":[{"id":1238,"href":"https:\/\/cevhervinc.com.tr\/index.php?rest_route=\/wp\/v2\/pages\/569\/revisions\/1238"}],"wp:attachment":[{"href":"https:\/\/cevhervinc.com.tr\/index.php?rest_route=%2Fwp%2Fv2%2Fmedia&parent=569"}],"curies":[{"name":"wp","href":"https:\/\/api.w.org\/{rel}","templated":true}]}}