{"id":372,"date":"2020-02-20T14:46:51","date_gmt":"2020-02-20T11:46:51","guid":{"rendered":"http:\/\/cevhervinc.com.tr\/?page_id=372"},"modified":"2020-05-20T20:59:33","modified_gmt":"2020-05-20T17:59:33","slug":"hakkimizda","status":"publish","type":"page","link":"https:\/\/cevhervinc.com.tr\/?page_id=372","title":{"rendered":"Hakk\u0131m\u0131zda"},"content":{"rendered":"<p>1990 y\u0131l\u0131nda Gaziantep\u2019te 1990 y\u0131l\u0131nda M. ERCAN VE MURAT BAY taraf\u0131ndan kurulan \u201cCEVHER V\u0130N\u00c7\u201d teleskopik, Hiap Vin\u00e7, Forklift hizmeti vermek amac\u0131 ile fabrika, in\u015faat ,\u015fantiyeler ve bir\u00e7ok projelerde kullan\u0131lmak \u00fczere tahmil tahliye ama\u00e7l\u0131 hizmetleri vermek i\u00e7in kuruldu. 1995 y\u0131l\u0131nda \u015firketle\u015ferek, Cevher Vin\u00e7 nakliyat oto aksam San. Tic. Ltd. \u015eti. ad\u0131 ile faaliyetlerine h\u0131zla devam eden CEVHER V\u0130N\u00c7, deneyimli teknik kadrosu, b\u00fcy\u00fck, g\u00fc\u00e7l\u00fc ve son teknoloji makine park\u0131 ile komple tesisler, makine te\u00e7hizat montaj etmek sureti ile \u00fclkemiz ve GAZ\u0130ANTEP sanayisinin kalk\u0131nmas\u0131na b\u00fcy\u00fck \u00f6l\u00e7\u00fcde katk\u0131 sa\u011flamaktad\u0131r. CEVHER V\u0130N\u00c7, geli\u015fmi\u015f teknolojiyi b\u00f6lge ihtiya\u00e7lar\u0131n\u0131 kar\u015f\u0131lamak amac\u0131yla kullanmak i\u00e7in 2001 \u2013 2007 y\u0131llar\u0131nda yat\u0131r\u0131m ile kapasitesini faaliyet g\u00f6steren yerli ve yabanc\u0131 firmalara hizmet etmeye devam etmektedir. CEVHER V\u0130N\u00c7, 2015 y\u0131l\u0131nda da yat\u0131r\u0131mlar\u0131na devam ederek kapasitesini daha y\u00fckseklere \u00e7\u0131karmay\u0131 hedeflemi\u015ftir.<\/p>\n<p>Teleskopik mobil vin\u00e7lerin yan\u0131 s\u0131ra; kamyon \u00fcst\u00fc vin\u00e7ler (HIAP) ve forkliftlerin bulundu\u011fu makine park\u0131 sayesinde \u00e7evre ve b\u00f6lgesinin g\u00fcc\u00fc olarak ihtiya\u00e7lar\u0131n tamam\u0131n\u0131 sorunsuz ve h\u0131zl\u0131 bir \u015fekilde kar\u015f\u0131lamaktad\u0131r. Geli\u015fen sanayi ve ihtiya\u00e7lar \u00e7er\u00e7evesinde her y\u0131l yeni yat\u0131r\u0131mlar yap\u0131larak ba\u015fta teleskopik vin\u00e7 sekt\u00f6r\u00fc olmak \u00fczere t\u00fcm b\u00f6lgede en iyi hizmeti sunarak b\u00fcy\u00fcm\u00fc\u015f ve yeni yat\u0131r\u0131mlarla b\u00fcy\u00fcmeye devam etmektedir. Cevher Vin\u00e7 ,2015 y\u0131l\u0131nda, \u0130n\u015faat, enerji, alt yap\u0131 \u00fcstyap\u0131 yat\u0131r\u0131mlar\u0131n\u0131n ba\u015flamas\u0131 ile T\u00fcrkiye ekonomisi ve Gaziantep sanayisinin g\u00fc\u00e7lenmesi ad\u0131na Kurumsall\u0131k ad\u0131na gerekli olan yolculu\u011funa ba\u015flad\u0131. Cevher Vin\u00e7, kurumsal bir firma olman\u0131n t\u00fcm gereklili\u011fini yerine getirerek gelinen s\u00fcre\u00e7te temel hedeflerine ula\u015fman\u0131n gururunu ya\u015famaktad\u0131r. Son d\u00f6nemde a\u011f\u0131r ta\u015f\u0131ma, manlift, treyler, lowbet, mobil vin\u00e7, hiap vin\u00e7 yat\u0131r\u0131mlar\u0131 ile Gaziantep\u2019te, en b\u00fcy\u00fck vin\u00e7 park\u0131na sahip olan i\u015fletmeciler aras\u0131nda yer almaktad\u0131r.<\/p>\n<p>&nbsp;<\/p>\n","protected":false},"excerpt":{"rendered":"<p>1990 y\u0131l\u0131nda Gaziantep\u2019te 1990 y\u0131l\u0131nda M. ERCAN VE MURAT BAY taraf\u0131ndan kurulan \u201cCEVHER V\u0130N\u00c7\u201d teleskopik, Hiap Vin\u00e7, Forklift hizmeti vermek amac\u0131 ile fabrika, in\u015faat ,\u015fantiyeler ve bir\u00e7ok projelerde kullan\u0131lmak \u00fczere tahmil tahliye ama\u00e7l\u0131 hizmetleri vermek i\u00e7in kuruldu. 1995 y\u0131l\u0131nda \u015firketle\u015ferek, Cevher Vin\u00e7 nakliyat oto aksam San. Tic. Ltd. \u015eti. ad\u0131 ile faaliyetlerine h\u0131zla devam eden&hellip; <br \/> <a class=\"read-more\" href=\"https:\/\/cevhervinc.com.tr\/?page_id=372\">Devam\u0131<\/a><\/p>\n","protected":false},"author":1,"featured_media":0,"parent":0,"menu_order":0,"comment_status":"closed","ping_status":"closed","template":"","meta":[],"_links":{"self":[{"href":"https:\/\/cevhervinc.com.tr\/index.php?rest_route=\/wp\/v2\/pages\/372"}],"collection":[{"href":"https:\/\/cevhervinc.com.tr\/index.php?rest_route=\/wp\/v2\/pages"}],"about":[{"href":"https:\/\/cevhervinc.com.tr\/index.php?rest_route=\/wp\/v2\/types\/page"}],"author":[{"embeddable":true,"href":"https:\/\/cevhervinc.com.tr\/index.php?rest_route=\/wp\/v2\/users\/1"}],"replies":[{"embeddable":true,"href":"https:\/\/cevhervinc.com.tr\/index.php?rest_route=%2Fwp%2Fv2%2Fcomments&post=372"}],"version-history":[{"count":2,"href":"https:\/\/cevhervinc.com.tr\/index.php?rest_route=\/wp\/v2\/pages\/372\/revisions"}],"predecessor-version":[{"id":888,"href":"https:\/\/cevhervinc.com.tr\/index.php?rest_route=\/wp\/v2\/pages\/372\/revisions\/888"}],"wp:attachment":[{"href":"https:\/\/cevhervinc.com.tr\/index.php?rest_route=%2Fwp%2Fv2%2Fmedia&parent=372"}],"curies":[{"name":"wp","href":"https:\/\/api.w.org\/{rel}","templated":true}]}}